{"id":3073,"date":"2020-08-26T02:19:22","date_gmt":"2020-08-26T02:19:22","guid":{"rendered":"http:\/\/electronosur.com.do\/?post_type=product&#038;p=3073"},"modified":"2020-12-15T02:09:15","modified_gmt":"2020-12-15T02:09:15","slug":"centro-de-centro-de-motores-inteligente","status":"publish","type":"product","link":"http:\/\/electronosur.com.do\/?product=centro-de-centro-de-motores-inteligente","title":{"rendered":"Centro de control de motores inteligente"},"content":{"rendered":"","protected":false},"excerpt":{"rendered":"<p>Estos, al igual que los convencionales, se construyen seg\u00fan la exigencias y necesidades requerida por los clientes, pero en este caso estar\u00e1n compuestos por un arrancador suave, convertidor de frecuencia o rel\u00e9 microprocesador, agregando funciones de protecci\u00f3n, monitoreo, control y comunicaci\u00f3n en la red, con acceso a sistemas digitales de control y supervisi\u00f3n.<\/p>\n[wpforms id=\"2371\"]\n","protected":false},"featured_media":2091,"comment_status":"closed","ping_status":"closed","template":"","meta":[],"_links":{"self":[{"href":"http:\/\/electronosur.com.do\/index.php?rest_route=\/wp\/v2\/product\/3073"}],"collection":[{"href":"http:\/\/electronosur.com.do\/index.php?rest_route=\/wp\/v2\/product"}],"about":[{"href":"http:\/\/electronosur.com.do\/index.php?rest_route=\/wp\/v2\/types\/product"}],"replies":[{"embeddable":true,"href":"http:\/\/electronosur.com.do\/index.php?rest_route=%2Fwp%2Fv2%2Fcomments&post=3073"}],"wp:featuredmedia":[{"embeddable":true,"href":"http:\/\/electronosur.com.do\/index.php?rest_route=\/wp\/v2\/media\/2091"}],"wp:attachment":[{"href":"http:\/\/electronosur.com.do\/index.php?rest_route=%2Fwp%2Fv2%2Fmedia&parent=3073"}],"curies":[{"name":"wp","href":"https:\/\/api.w.org\/{rel}","templated":true}]}}