{"id":2930,"date":"2020-08-17T12:23:15","date_gmt":"2020-08-17T12:23:15","guid":{"rendered":"http:\/\/electronosur.com.do\/?post_type=product&#038;p=2930"},"modified":"2020-12-21T20:54:06","modified_gmt":"2020-12-21T20:54:06","slug":"panel-automatico-de-sincronizacion","status":"publish","type":"product","link":"http:\/\/electronosur.com.do\/?product=panel-automatico-de-sincronizacion","title":{"rendered":"Panel autom\u00e1tico de sincronizaci\u00f3n"},"content":{"rendered":"","protected":false},"excerpt":{"rendered":"<p>Nuestro panel de sincronizaci\u00f3n nos permite integrar varios generadores como una sola fuente de suministro de energ\u00eda, permiti\u00e9ndonos la coincidencia de varios par\u00e1metros de un generador a otro generador o la barra colectora. Son dise\u00f1ados y construidos de forma que eliminan la posibilidad de operaciones y maniobras manuales, asegurando que no se produzcan da\u00f1os en los equipos y p\u00e9rdidas humanas por accidentes producido por errores humanos.<\/p>\n<p>Los paneles de sincronizaci\u00f3n garantizan varias ventajas, como son: mayor seguridad y fiabilidad en suministro de energ\u00eda el\u00e9ctrica, al no despender de una fuente \u00fanica, desconexi\u00f3n y conexi\u00f3n autom\u00e1tica de generadores seg\u00fan las necesidades del sistema, sin necesidad y la intervenci\u00f3n de un operador, as\u00ed como la reacci\u00f3n autom\u00e1tica en caso de emergencia, adem\u00e1s garantiza el ahorro, al mantener en l\u00ednea los generadores necesarios y suficientes para la demanda del momento.<\/p>\n","protected":false},"featured_media":2931,"comment_status":"closed","ping_status":"closed","template":"","meta":[],"_links":{"self":[{"href":"http:\/\/electronosur.com.do\/index.php?rest_route=\/wp\/v2\/product\/2930"}],"collection":[{"href":"http:\/\/electronosur.com.do\/index.php?rest_route=\/wp\/v2\/product"}],"about":[{"href":"http:\/\/electronosur.com.do\/index.php?rest_route=\/wp\/v2\/types\/product"}],"replies":[{"embeddable":true,"href":"http:\/\/electronosur.com.do\/index.php?rest_route=%2Fwp%2Fv2%2Fcomments&post=2930"}],"wp:featuredmedia":[{"embeddable":true,"href":"http:\/\/electronosur.com.do\/index.php?rest_route=\/wp\/v2\/media\/2931"}],"wp:attachment":[{"href":"http:\/\/electronosur.com.do\/index.php?rest_route=%2Fwp%2Fv2%2Fmedia&parent=2930"}],"curies":[{"name":"wp","href":"https:\/\/api.w.org\/{rel}","templated":true}]}}