{"id":2094,"date":"2020-06-10T12:17:25","date_gmt":"2020-06-10T12:17:25","guid":{"rendered":"http:\/\/electronosur.com.do\/?post_type=product&#038;p=2094"},"modified":"2020-12-15T02:06:56","modified_gmt":"2020-12-15T02:06:56","slug":"bandejas-electricas","status":"publish","type":"product","link":"http:\/\/electronosur.com.do\/?product=bandejas-electricas","title":{"rendered":"Bandejas portacables (Canaleta el\u00e9ctrica)"},"content":{"rendered":"","protected":false},"excerpt":{"rendered":"<p>Estas son fabricadas de diferentes tipos, con los accesorios y piezas necesarias para su correcta instalaci\u00f3n y facilidades en el dise\u00f1o de su instalaci\u00f3n el\u00e9ctrica.<\/p>\n[wpforms id=\"2371\"]\n","protected":false},"featured_media":2095,"comment_status":"closed","ping_status":"closed","template":"","meta":[],"_links":{"self":[{"href":"http:\/\/electronosur.com.do\/index.php?rest_route=\/wp\/v2\/product\/2094"}],"collection":[{"href":"http:\/\/electronosur.com.do\/index.php?rest_route=\/wp\/v2\/product"}],"about":[{"href":"http:\/\/electronosur.com.do\/index.php?rest_route=\/wp\/v2\/types\/product"}],"replies":[{"embeddable":true,"href":"http:\/\/electronosur.com.do\/index.php?rest_route=%2Fwp%2Fv2%2Fcomments&post=2094"}],"wp:featuredmedia":[{"embeddable":true,"href":"http:\/\/electronosur.com.do\/index.php?rest_route=\/wp\/v2\/media\/2095"}],"wp:attachment":[{"href":"http:\/\/electronosur.com.do\/index.php?rest_route=%2Fwp%2Fv2%2Fmedia&parent=2094"}],"curies":[{"name":"wp","href":"https:\/\/api.w.org\/{rel}","templated":true}]}}