{"id":1942,"date":"2020-04-26T19:14:57","date_gmt":"2020-04-26T19:14:57","guid":{"rendered":"http:\/\/electronosur.com.do\/?post_type=product&#038;p=1942"},"modified":"2020-12-15T02:15:53","modified_gmt":"2020-12-15T02:15:53","slug":"cubiculo-de-transferencia","status":"publish","type":"product","link":"http:\/\/electronosur.com.do\/?product=cubiculo-de-transferencia","title":{"rendered":"Cub\u00edculo de transferencia"},"content":{"rendered":"","protected":false},"excerpt":{"rendered":"<p>Nuestra soluci\u00f3n de transferencia para los condominios, torres y plazas comerciales es un cub\u00edculo de transferencia integrado, que le permite una seguridad en la permanencia y estabilidad de la energ\u00eda de una manera segura, confiable, al mejor precio. Con una garant\u00eda, como en todos nuestros productos:\u00a0 un a\u00f1o en piezas y servicios por problemas de fabricaci\u00f3n. Nuestro cub\u00edculo de transferencia se construye seg\u00fan las normas y las exigencias de los clientes, pero adaptado a sus necesidades.<\/p>\n[wpforms id=\"2371\"]\n","protected":false},"featured_media":1962,"comment_status":"closed","ping_status":"closed","template":"","meta":[],"_links":{"self":[{"href":"http:\/\/electronosur.com.do\/index.php?rest_route=\/wp\/v2\/product\/1942"}],"collection":[{"href":"http:\/\/electronosur.com.do\/index.php?rest_route=\/wp\/v2\/product"}],"about":[{"href":"http:\/\/electronosur.com.do\/index.php?rest_route=\/wp\/v2\/types\/product"}],"replies":[{"embeddable":true,"href":"http:\/\/electronosur.com.do\/index.php?rest_route=%2Fwp%2Fv2%2Fcomments&post=1942"}],"wp:featuredmedia":[{"embeddable":true,"href":"http:\/\/electronosur.com.do\/index.php?rest_route=\/wp\/v2\/media\/1962"}],"wp:attachment":[{"href":"http:\/\/electronosur.com.do\/index.php?rest_route=%2Fwp%2Fv2%2Fmedia&parent=1942"}],"curies":[{"name":"wp","href":"https:\/\/api.w.org\/{rel}","templated":true}]}}