{"id":1922,"date":"2020-04-26T03:35:16","date_gmt":"2020-04-26T03:35:16","guid":{"rendered":"http:\/\/electronosur.com.do\/?post_type=product&#038;p=1922"},"modified":"2020-12-21T20:58:36","modified_gmt":"2020-12-21T20:58:36","slug":"panelboards","status":"publish","type":"product","link":"http:\/\/electronosur.com.do\/?product=panelboards","title":{"rendered":"Panel boards"},"content":{"rendered":"","protected":false},"excerpt":{"rendered":"<p>Construidos para soluciones industriales y comerciales de distribuci\u00f3n en baja tensi\u00f3n. Dise\u00f1ado y construido para soluciones compactas y flexibles para la distribuci\u00f3n de energ\u00eda el\u00e9ctrica, con interruptores integrados de diferentes marcas y modelos, desde 10 hasta 1600 amperes, cumpliendo las normas el\u00e9ctricas internacionales. Con los dispositivos de protecci\u00f3n y maniobra que protegen los alimentadores y, adem\u00e1s permiten operar sobre toda la instalaci\u00f3n de consumo en forma conjunta o fraccionada.<\/p>\n[wpforms id=\"2371\"]\n","protected":false},"featured_media":1928,"comment_status":"closed","ping_status":"closed","template":"","meta":[],"_links":{"self":[{"href":"http:\/\/electronosur.com.do\/index.php?rest_route=\/wp\/v2\/product\/1922"}],"collection":[{"href":"http:\/\/electronosur.com.do\/index.php?rest_route=\/wp\/v2\/product"}],"about":[{"href":"http:\/\/electronosur.com.do\/index.php?rest_route=\/wp\/v2\/types\/product"}],"replies":[{"embeddable":true,"href":"http:\/\/electronosur.com.do\/index.php?rest_route=%2Fwp%2Fv2%2Fcomments&post=1922"}],"wp:featuredmedia":[{"embeddable":true,"href":"http:\/\/electronosur.com.do\/index.php?rest_route=\/wp\/v2\/media\/1928"}],"wp:attachment":[{"href":"http:\/\/electronosur.com.do\/index.php?rest_route=%2Fwp%2Fv2%2Fmedia&parent=1922"}],"curies":[{"name":"wp","href":"https:\/\/api.w.org\/{rel}","templated":true}]}}