{"id":1918,"date":"2020-04-26T02:47:43","date_gmt":"2020-04-26T02:47:43","guid":{"rendered":"http:\/\/electronosur.com.do\/?post_type=product&#038;p=1918"},"modified":"2020-09-21T00:45:14","modified_gmt":"2020-09-21T00:45:14","slug":"interruptor-de-transferencia-manual","status":"publish","type":"product","link":"http:\/\/electronosur.com.do\/?product=interruptor-de-transferencia-manual","title":{"rendered":"Interruptor de transferencia manual"},"content":{"rendered":"","protected":false},"excerpt":{"rendered":"<p>Interruptores de Transferencia Manual es el tipo cl\u00e1sico que\u00a0debes manipularlo manualmente para que entre en funcionamiento la fuente de energ\u00eda o sea conmutada.<\/p>\n<p>Estos interruptores no son tan tecnol\u00f3gicamente avanzados, pero solo tendr\u00e1s que mover el interruptor de posici\u00f3n para que empiece a tomar la red el\u00e9ctrica auxiliar. Se fabrican desde 15 amperes hasta 6000 amperes, monof\u00e1sico, trif\u00e1sico, nema 1, 3R y 12; de 220 voltios hasta 480 voltios<\/p>\n[wpforms id=\"2371\"]\n","protected":false},"featured_media":1919,"comment_status":"closed","ping_status":"closed","template":"","meta":[],"_links":{"self":[{"href":"http:\/\/electronosur.com.do\/index.php?rest_route=\/wp\/v2\/product\/1918"}],"collection":[{"href":"http:\/\/electronosur.com.do\/index.php?rest_route=\/wp\/v2\/product"}],"about":[{"href":"http:\/\/electronosur.com.do\/index.php?rest_route=\/wp\/v2\/types\/product"}],"replies":[{"embeddable":true,"href":"http:\/\/electronosur.com.do\/index.php?rest_route=%2Fwp%2Fv2%2Fcomments&post=1918"}],"wp:featuredmedia":[{"embeddable":true,"href":"http:\/\/electronosur.com.do\/index.php?rest_route=\/wp\/v2\/media\/1919"}],"wp:attachment":[{"href":"http:\/\/electronosur.com.do\/index.php?rest_route=%2Fwp%2Fv2%2Fmedia&parent=1918"}],"curies":[{"name":"wp","href":"https:\/\/api.w.org\/{rel}","templated":true}]}}