{"id":1858,"date":"2020-01-07T03:23:15","date_gmt":"2020-01-07T03:23:15","guid":{"rendered":"http:\/\/electronosur.com.do\/?post_type=product&#038;p=1858"},"modified":"2020-12-21T20:48:35","modified_gmt":"2020-12-21T20:48:35","slug":"modulos-de-medicion","status":"publish","type":"product","link":"http:\/\/electronosur.com.do\/?product=modulos-de-medicion","title":{"rendered":"M\u00f3dulos de Medici\u00f3n"},"content":{"rendered":"","protected":false},"excerpt":{"rendered":"<p>Son equipos dise\u00f1ados y construidos seg\u00fan las especificaciones t\u00e9cnicas y exigencias de las distribuidoras, para alojar m\u00e1s de dos medidores, con la seguridad y la ventaja de ser instalados f\u00e1cilmente. Son utilizados en edificios residenciales, edificios comerciales, plazas comerciales y donde se requiera medir energ\u00eda a consumidores en grupo.<\/p>\n[wpforms id=\"2371\"]\n","protected":false},"featured_media":1859,"comment_status":"closed","ping_status":"closed","template":"","meta":[],"_links":{"self":[{"href":"http:\/\/electronosur.com.do\/index.php?rest_route=\/wp\/v2\/product\/1858"}],"collection":[{"href":"http:\/\/electronosur.com.do\/index.php?rest_route=\/wp\/v2\/product"}],"about":[{"href":"http:\/\/electronosur.com.do\/index.php?rest_route=\/wp\/v2\/types\/product"}],"replies":[{"embeddable":true,"href":"http:\/\/electronosur.com.do\/index.php?rest_route=%2Fwp%2Fv2%2Fcomments&post=1858"}],"wp:featuredmedia":[{"embeddable":true,"href":"http:\/\/electronosur.com.do\/index.php?rest_route=\/wp\/v2\/media\/1859"}],"wp:attachment":[{"href":"http:\/\/electronosur.com.do\/index.php?rest_route=%2Fwp%2Fv2%2Fmedia&parent=1858"}],"curies":[{"name":"wp","href":"https:\/\/api.w.org\/{rel}","templated":true}]}}