{"id":174,"date":"2018-06-19T13:53:16","date_gmt":"2018-06-19T13:53:16","guid":{"rendered":"http:\/\/localhost\/harshad\/?post_type=product&#038;p=174"},"modified":"2021-03-27T15:06:05","modified_gmt":"2021-03-27T15:06:05","slug":"motorcycle-repair-shop-violet-printed-tshirt","status":"publish","type":"product","link":"http:\/\/electronosur.com.do\/?product=motorcycle-repair-shop-violet-printed-tshirt","title":{"rendered":"Enclosure Breakers"},"content":{"rendered":"","protected":false},"excerpt":{"rendered":"<p>Se fabrican en caja tipo Nema 1, 3R y 12, desde 10 Amperes hasta 6000 Amperes, monof\u00e1sico o trif\u00e1sico, para sus necesidades m\u00e1s exigentes. Se utilizan para proporcionar protecci\u00f3n de circuitos en diversas aplicaciones de la industria, donde protegen contra sobrecargas y cortocircuitos en los conductores. Son dispositivos de conexi\u00f3n y desconexi\u00f3n con un sistema de apertura y cierre r\u00e1pido.<\/p>\n[wpforms id=\"2371\"]\n","protected":false},"featured_media":1929,"comment_status":"closed","ping_status":"closed","template":"","meta":[],"_links":{"self":[{"href":"http:\/\/electronosur.com.do\/index.php?rest_route=\/wp\/v2\/product\/174"}],"collection":[{"href":"http:\/\/electronosur.com.do\/index.php?rest_route=\/wp\/v2\/product"}],"about":[{"href":"http:\/\/electronosur.com.do\/index.php?rest_route=\/wp\/v2\/types\/product"}],"replies":[{"embeddable":true,"href":"http:\/\/electronosur.com.do\/index.php?rest_route=%2Fwp%2Fv2%2Fcomments&post=174"}],"wp:featuredmedia":[{"embeddable":true,"href":"http:\/\/electronosur.com.do\/index.php?rest_route=\/wp\/v2\/media\/1929"}],"wp:attachment":[{"href":"http:\/\/electronosur.com.do\/index.php?rest_route=%2Fwp%2Fv2%2Fmedia&parent=174"}],"curies":[{"name":"wp","href":"https:\/\/api.w.org\/{rel}","templated":true}]}}