{"id":170,"date":"2018-06-19T13:45:22","date_gmt":"2018-06-19T13:45:22","guid":{"rendered":"http:\/\/localhost\/harshad\/?post_type=product&#038;p=170"},"modified":"2020-12-21T20:45:36","modified_gmt":"2020-12-21T20:45:36","slug":"motorcycle-repair-shop-dark-teal-printed-tshirt","status":"publish","type":"product","link":"http:\/\/electronosur.com.do\/?product=motorcycle-repair-shop-dark-teal-printed-tshirt","title":{"rendered":"Interruptores de Transferencia Autom\u00e1ticos"},"content":{"rendered":"","protected":false},"excerpt":{"rendered":"<p>Interruptores de Transferencia Autom\u00e1tica (ITA) est\u00e1 construida para soluciones industriales, comerciales de uso general que requieren la confiabilidad y facilidad de operaci\u00f3n, garantizando la continuidad de servicio. Son fabricados desde 30 amperes hasta 6000 amperes y desde 220V hasta 480V.\u00a0 Se construyen con contactores magn\u00e9ticos y breaker. En contactores pueden ser desde 30 Aperes monof\u00e1sico\/trif\u00e1sico hasta 800 Amperes. En breakers desde 150 Amperes hasta 6000 Amperes.<\/p>\n[wpforms id=\"2371\"]\n","protected":false},"featured_media":1969,"comment_status":"closed","ping_status":"closed","template":"","meta":[],"_links":{"self":[{"href":"http:\/\/electronosur.com.do\/index.php?rest_route=\/wp\/v2\/product\/170"}],"collection":[{"href":"http:\/\/electronosur.com.do\/index.php?rest_route=\/wp\/v2\/product"}],"about":[{"href":"http:\/\/electronosur.com.do\/index.php?rest_route=\/wp\/v2\/types\/product"}],"replies":[{"embeddable":true,"href":"http:\/\/electronosur.com.do\/index.php?rest_route=%2Fwp%2Fv2%2Fcomments&post=170"}],"wp:featuredmedia":[{"embeddable":true,"href":"http:\/\/electronosur.com.do\/index.php?rest_route=\/wp\/v2\/media\/1969"}],"wp:attachment":[{"href":"http:\/\/electronosur.com.do\/index.php?rest_route=%2Fwp%2Fv2%2Fmedia&parent=170"}],"curies":[{"name":"wp","href":"https:\/\/api.w.org\/{rel}","templated":true}]}}